{"id":12,"date":"2022-01-28T10:36:47","date_gmt":"2022-01-28T10:36:47","guid":{"rendered":"https:\/\/handlewithflare.de\/wordpress\/?page_id=12"},"modified":"2024-06-27T07:51:29","modified_gmt":"2024-06-27T07:51:29","slug":"das-ist-handle-with-flare","status":"publish","type":"page","link":"https:\/\/handlewithflare.de\/wordpress\/index.php\/das-ist-handle-with-flare\/","title":{"rendered":"Das ist \u201cHandle with Flare\u201d"},"content":{"rendered":"\n<figure class=\"wp-block-image size-large\"><img loading=\"lazy\" decoding=\"async\" width=\"1024\" height=\"621\" src=\"https:\/\/handlewithflare.de\/wordpress\/wp-content\/uploads\/2022\/01\/D280B687-B80D-4B6B-8C07-F6617DD1CA2E-1024x621.jpeg\" alt=\"\" class=\"wp-image-13\" srcset=\"https:\/\/handlewithflare.de\/wp-content\/uploads\/2022\/01\/D280B687-B80D-4B6B-8C07-F6617DD1CA2E-1024x621.jpeg 1024w, https:\/\/handlewithflare.de\/wp-content\/uploads\/2022\/01\/D280B687-B80D-4B6B-8C07-F6617DD1CA2E-300x182.jpeg 300w, https:\/\/handlewithflare.de\/wp-content\/uploads\/2022\/01\/D280B687-B80D-4B6B-8C07-F6617DD1CA2E-768x466.jpeg 768w, https:\/\/handlewithflare.de\/wp-content\/uploads\/2022\/01\/D280B687-B80D-4B6B-8C07-F6617DD1CA2E-1536x932.jpeg 1536w, https:\/\/handlewithflare.de\/wp-content\/uploads\/2022\/01\/D280B687-B80D-4B6B-8C07-F6617DD1CA2E-2048x1243.jpeg 2048w\" sizes=\"auto, (max-width: 767px) 89vw, (max-width: 1000px) 54vw, (max-width: 1071px) 543px, 580px\" \/><\/figure>\n\n\n\n<p>Handle with Flare, das sind wir: Miriam und Michael. Der Name kommt von \u201cHandle with Care\u201d, Flare aufgrund des Lenkers bei Gravelbikes.<\/p>\n\n\n\n<p>Miriam f\u00e4hrt schon ein paar Jahre Gravelbike, erst auf einem Cube Crossrace Pro und einem Ridley KanzoE und seit Mai 2020 hat sie das Wilier-Trestiena Jena Gravelbike. Mittlerweile gesellen sich ein selbst aufgebautes 8bar TFLSBRG Gravelbike und ein Scott ADDICT Roadbike dazu.<\/p>\n\n\n\n<figure class=\"wp-block-image size-large\"><img loading=\"lazy\" decoding=\"async\" width=\"1024\" height=\"768\" src=\"https:\/\/handlewithflare.de\/wordpress\/wp-content\/uploads\/2022\/01\/761476DC-BD80-40D2-A516-79B3BD922E8D-1024x768.jpeg\" alt=\"\" class=\"wp-image-34\" srcset=\"https:\/\/handlewithflare.de\/wp-content\/uploads\/2022\/01\/761476DC-BD80-40D2-A516-79B3BD922E8D-1024x768.jpeg 1024w, https:\/\/handlewithflare.de\/wp-content\/uploads\/2022\/01\/761476DC-BD80-40D2-A516-79B3BD922E8D-300x225.jpeg 300w, https:\/\/handlewithflare.de\/wp-content\/uploads\/2022\/01\/761476DC-BD80-40D2-A516-79B3BD922E8D-768x576.jpeg 768w, https:\/\/handlewithflare.de\/wp-content\/uploads\/2022\/01\/761476DC-BD80-40D2-A516-79B3BD922E8D.jpeg 1536w\" sizes=\"auto, (max-width: 767px) 89vw, (max-width: 1000px) 54vw, (max-width: 1071px) 543px, 580px\" \/><\/figure>\n\n\n\n<p>Alles begann in 2020, Miriam ein 1-w\u00f6chiges Bikepacking durch den Schwarzwald gemacht. Als sie anfing in 2021 \u00e4hnlich Pl\u00e4ne zu verfolgen, dachte sich Michael er k\u00f6nne sie ja begleiten. Zu der Zeit nannte er ein Ridley KanzoE Flatbar mit einem Fazua Antrieb sein Eigentum und dachte er kann das auch\u2026<\/p>\n\n\n\n<p>In der Zwischenzeit, nach der Reise, ist Michael auf eine Rose Backroad Gravelbike und ein Rose Pro SL105 Roadbike umgestiegen. Hinzu kommt noch ein Cube AIM pro Mountainbike und ein Canyon Roadlite:On 6.<\/p>\n\n\n\n<p>Heute (2024) haben wir ein paar Ausfahrten und Bikepacking Reisen gemacht, die wir meisten als Video protokolliert haben. Miriam f\u00e4hrt ca. 10.000 Kilometer pro Jahr, Michael kommt auf rund 5.000km.<\/p>\n\n\n\n<figure class=\"wp-block-image size-large\"><img loading=\"lazy\" decoding=\"async\" width=\"768\" height=\"1024\" src=\"https:\/\/handlewithflare.de\/wordpress\/wp-content\/uploads\/2022\/01\/3FB4F2B3-DEDC-410D-8A67-FA69AC0E134A-768x1024.jpeg\" alt=\"\" class=\"wp-image-32\" srcset=\"https:\/\/handlewithflare.de\/wp-content\/uploads\/2022\/01\/3FB4F2B3-DEDC-410D-8A67-FA69AC0E134A-768x1024.jpeg 768w, https:\/\/handlewithflare.de\/wp-content\/uploads\/2022\/01\/3FB4F2B3-DEDC-410D-8A67-FA69AC0E134A-225x300.jpeg 225w, https:\/\/handlewithflare.de\/wp-content\/uploads\/2022\/01\/3FB4F2B3-DEDC-410D-8A67-FA69AC0E134A-1152x1536.jpeg 1152w, https:\/\/handlewithflare.de\/wp-content\/uploads\/2022\/01\/3FB4F2B3-DEDC-410D-8A67-FA69AC0E134A.jpeg 1536w\" sizes=\"auto, (max-width: 767px) 89vw, (max-width: 1000px) 54vw, (max-width: 1071px) 543px, 580px\" \/><\/figure>\n\n\n\n<p>Um euch einen \u00dcberblick \u00fcber unsere Aktivit\u00e4ten zu geben, haben wir unsere Videos bei YouTube online gestellt (Link zu unserem Kanal &#8211; siehe unten).<\/p>\n\n\n\n<p>Viel Spa\u00df damit!<\/p>\n\n\n\n<figure class=\"wp-block-image size-large\"><img loading=\"lazy\" decoding=\"async\" width=\"1024\" height=\"768\" src=\"https:\/\/handlewithflare.de\/wordpress\/wp-content\/uploads\/2022\/01\/4A05E253-B791-4C61-B383-1B408C1188B9-1024x768.jpeg\" alt=\"\" class=\"wp-image-36\" srcset=\"https:\/\/handlewithflare.de\/wp-content\/uploads\/2022\/01\/4A05E253-B791-4C61-B383-1B408C1188B9-1024x768.jpeg 1024w, https:\/\/handlewithflare.de\/wp-content\/uploads\/2022\/01\/4A05E253-B791-4C61-B383-1B408C1188B9-300x225.jpeg 300w, https:\/\/handlewithflare.de\/wp-content\/uploads\/2022\/01\/4A05E253-B791-4C61-B383-1B408C1188B9-768x576.jpeg 768w, https:\/\/handlewithflare.de\/wp-content\/uploads\/2022\/01\/4A05E253-B791-4C61-B383-1B408C1188B9-1536x1152.jpeg 1536w, https:\/\/handlewithflare.de\/wp-content\/uploads\/2022\/01\/4A05E253-B791-4C61-B383-1B408C1188B9.jpeg 2048w\" sizes=\"auto, (max-width: 767px) 89vw, (max-width: 1000px) 54vw, (max-width: 1071px) 543px, 580px\" \/><\/figure>\n","protected":false},"excerpt":{"rendered":"<p>Handle with Flare, das sind wir: Miriam und Michael. Der Name kommt von \u201cHandle with Care\u201d, Flare aufgrund des Lenkers bei Gravelbikes. Miriam f\u00e4hrt schon ein paar Jahre Gravelbike, erst auf einem Cube Crossrace Pro und einem Ridley KanzoE und seit Mai 2020 hat sie das Wilier-Trestiena Jena Gravelbike. Mittlerweile gesellen sich ein selbst aufgebautes &hellip; <\/p>\n<p class=\"link-more\"><a href=\"https:\/\/handlewithflare.de\/wordpress\/index.php\/das-ist-handle-with-flare\/\" class=\"more-link\"><span class=\"screen-reader-text\">\u201eDas ist \u201cHandle with Flare\u201d\u201c<\/span> weiterlesen<\/a><\/p>\n","protected":false},"author":1,"featured_media":0,"parent":0,"menu_order":0,"comment_status":"closed","ping_status":"closed","template":"","meta":{"footnotes":""},"class_list":["post-12","page","type-page","status-publish","hentry"],"_links":{"self":[{"href":"https:\/\/handlewithflare.de\/wordpress\/index.php\/wp-json\/wp\/v2\/pages\/12","targetHints":{"allow":["GET"]}}],"collection":[{"href":"https:\/\/handlewithflare.de\/wordpress\/index.php\/wp-json\/wp\/v2\/pages"}],"about":[{"href":"https:\/\/handlewithflare.de\/wordpress\/index.php\/wp-json\/wp\/v2\/types\/page"}],"author":[{"embeddable":true,"href":"https:\/\/handlewithflare.de\/wordpress\/index.php\/wp-json\/wp\/v2\/users\/1"}],"replies":[{"embeddable":true,"href":"https:\/\/handlewithflare.de\/wordpress\/index.php\/wp-json\/wp\/v2\/comments?post=12"}],"version-history":[{"count":9,"href":"https:\/\/handlewithflare.de\/wordpress\/index.php\/wp-json\/wp\/v2\/pages\/12\/revisions"}],"predecessor-version":[{"id":185,"href":"https:\/\/handlewithflare.de\/wordpress\/index.php\/wp-json\/wp\/v2\/pages\/12\/revisions\/185"}],"wp:attachment":[{"href":"https:\/\/handlewithflare.de\/wordpress\/index.php\/wp-json\/wp\/v2\/media?parent=12"}],"curies":[{"name":"wp","href":"https:\/\/api.w.org\/{rel}","templated":true}]}}